{"id":265,"date":"2020-07-22T18:34:48","date_gmt":"2020-07-22T17:34:48","guid":{"rendered":"https:\/\/www.kardiohirurgija.rs\/hirurgija-aortnog-zalistka\/"},"modified":"2020-08-19T23:03:26","modified_gmt":"2020-08-19T22:03:26","slug":"aortic-valve-surgery","status":"publish","type":"page","link":"https:\/\/www.kardiohirurgija.rs\/en\/aortic-valve-surgery\/","title":{"rendered":"Aortic Valve Surgery"},"content":{"rendered":"<p>[vc_row full_width=&#8221;stretch_row&#8221; type=&#8221;vc_default&#8221; css=&#8221;.vc_custom_1588624603642{padding-bottom: 50px !important;}&#8221;][vc_column][vc_column_text]The aortic valve is a tree-leaflet fibrous tissue structure between the left ventricle and the aorta. The aortic valve opens during the heart contraction, and closes during the relaxation phase, providing unidirectional aortic blood flow.[\/vc_column_text][vc_single_image image=&#8221;626&#8243; img_size=&#8221;full&#8221;][\/vc_column][\/vc_row][vc_row full_width=&#8221;stretch_row&#8221; type=&#8221;vc_default&#8221; css=&#8221;.vc_custom_1589109156911{padding-bottom: 50px !important;}&#8221;][vc_column]<div id=\"ultimate-heading-975969df678f567e2\" class=\"uvc-heading ult-adjust-bottom-margin ultimate-heading-975969df678f567e2 uvc-4284  uvc-heading-default-font-sizes\" data-hspacer=\"no_spacer\"  data-halign=\"left\" style=\"text-align:left\"><div class=\"uvc-heading-spacer no_spacer\" style=\"top\"><\/div><div class=\"uvc-main-heading ult-responsive\"  data-ultimate-target='.uvc-heading.ultimate-heading-975969df678f567e2 h2'  data-responsive-json-new='{\"font-size\":\"\",\"line-height\":\"\"}' ><h2 style=\"font-weight:bold;margin-bottom:5px;\">AORTIC STENOSIS<\/h2><\/div><\/div>[\/vc_column][vc_column width=&#8221;1\/2&#8243; css=&#8221;.vc_custom_1590678248120{padding-top: 16px !important;}&#8221;]<div class=\"standard-number-list list-divider bullet-top\"><p>Aortic stenosis is the most common disease of the aortic valve. Tissue degeneration during the years is reducing the valve leaflets&#8217; mobility and therefore leads to stenosis. The myocardium is getting hypertrophic while pumping the blood through a smaller valve orifice. That is why patients are experiencing the long asymptomatic period despite the significant stenosis. Meanwhile, the heart is getting tired end eventually starts to fail. At the time of the symptom\u2019s onset, some degree of the myocardial dysfunction already exists. Presence of the systolic heart murmur on the second left intercostal space and the following symptoms are clinical signs of the aortic stenosis:<\/p>\n<ul>\n<li>Syncope &#8211; sudden loss of consciousness<\/li>\n<li>Chest angina<\/li>\n<li>Heart insufficiency \u2013 effort dyspnea or orthopnea<\/li>\n<\/ul>\n<\/div>[\/vc_column][vc_column width=&#8221;1\/2&#8243;][vc_single_image image=&#8221;590&#8243; img_size=&#8221;full&#8221; alignment=&#8221;center&#8221; onclick=&#8221;link_image&#8221;][\/vc_column][vc_column][vc_column_text]These symptoms are clear signs of advanced aortic valve disease. If not treated, the life expectancy at that point is up to five years, or even less in the presence of heart failure.[\/vc_column_text][\/vc_column][vc_column][vc_row_inner][vc_column_inner]<div id=\"ultimate-heading-620469df678f5690b\" class=\"uvc-heading ult-adjust-bottom-margin ultimate-heading-620469df678f5690b uvc-1447  uvc-heading-default-font-sizes\" data-hspacer=\"no_spacer\"  data-halign=\"left\" style=\"text-align:left\"><div class=\"uvc-heading-spacer no_spacer\" style=\"top\"><\/div><div class=\"uvc-main-heading ult-responsive\"  data-ultimate-target='.uvc-heading.ultimate-heading-620469df678f5690b h2'  data-responsive-json-new='{\"font-size\":\"\",\"line-height\":\"\"}' ><h2 style=\"font-weight:bold;margin-bottom:20px;\">AORTIC VALVE REGURGITATION - INSUFFICIENCY<\/h2><\/div><\/div>[\/vc_column_inner][vc_column_inner width=&#8221;1\/2&#8243;][vc_column_text]Aortic valve insufficiency or regurgitation is a valve inability to close properly. \u00a0Blood regurgitate from the aorta back into the heart, resulting in left ventricle overload, dilatation, and eventually failure. The aortic regurgitation could be isolated or present altogether with the ascending aorta dilatation or aneurism. Surgery is a treatment of chaise and gold standard as well. A faulty valve could be replaced or even better repaired if possible.[\/vc_column_text][\/vc_column_inner][vc_column_inner width=&#8221;1\/2&#8243;][vc_column_text]The new onset of the aortic insufficiency accompanied by a fever is highly suspicious of valve infection.\u00a0 That is bacterial endocarditis, \u00a0a severe condition that requires hospitalization, antibiotics, and valve replacement eventually. Acute aortic regurgitation accompanied by severe chest pain, the patient probably has an aortic dissection. That is a medical emergency that requires immediate surgery to prevent the fatal aortic rupture.[\/vc_column_text][\/vc_column_inner][\/vc_row_inner][\/vc_column][\/vc_row][vc_row full_width=&#8221;stretch_row&#8221; type=&#8221;vc_default&#8221; css=&#8221;.vc_custom_1588627120952{padding-bottom: 50px !important;}&#8221;][vc_column][vc_raw_html]JTNDc3BhbiUyMGlkJTNEJTIyemFtZW5hJTIyJTIwc3R5bGUlM0QlMjJwb3NpdGlvbiUzQSUyMHJlbGF0aXZlJTNCJTIwdG9wJTNBJTIwLTEwMHB4JTNCJTIyJTNFJTNDJTJGc3BhbiUzRQ==[\/vc_raw_html]<div id=\"ultimate-heading-782469df678f5696b\" class=\"uvc-heading ult-adjust-bottom-margin ultimate-heading-782469df678f5696b uvc-4150  uvc-heading-default-font-sizes\" data-hspacer=\"no_spacer\"  data-halign=\"left\" style=\"text-align:left\"><div class=\"uvc-heading-spacer no_spacer\" style=\"top\"><\/div><div class=\"uvc-main-heading ult-responsive\"  data-ultimate-target='.uvc-heading.ultimate-heading-782469df678f5696b h2'  data-responsive-json-new='{\"font-size\":\"\",\"line-height\":\"\"}' ><h2 style=\"font-weight:bold;margin-bottom:20px;\">AORTIC VALVE REPLACEMENT<\/h2><\/div><\/div>[\/vc_column][vc_column width=&#8221;1\/2&#8243;][vc_column_text]Heart valve diseases are the real mechanical problem, and therefore the surgery is the only option. Valve could be replaced with either mechanical or biological prosthesis. Mechanical ones have unlimited durability but demand lifetime anticoagulation therapy. The biological prosthesis is tissue valves and, therefore, less durable, but lifetime anticoagulation therapy is unnecessary. Medical treatment is only symptomatic and could not affect the condition itself.<\/p>\n<p>The most reasonable and practical surgical option in aortic valve disease is the reconstructive surgery, if possible. It is almost impossible to repair aortic valve stenosis. Reconstructive surgery, therefore, is performed mainly for the aortic insufficiency.[\/vc_column_text][\/vc_column][vc_column width=&#8221;1\/2&#8243;][vc_single_image image=&#8221;359&#8243; img_size=&#8221;500&#215;345&#8243; alignment=&#8221;center&#8221;][\/vc_column][vc_column][vc_column_text css=&#8221;.vc_custom_1589131925328{margin-top: 20px !important;}&#8221;]Visoko rizi\u010dni bolesici sa obolelim aortnim zalistkom \u010desto imaju neprihvatljiv operativni rizik. Terapijska opcija za ove bolesnike je interventna procedura ugradnje aortnog zalistka. To je ugradnja zalistka putem posebnog sistema \u017eica i katetera koja uglavnom ne zahteva ve\u0107u hirur\u0161ku intervenciju, TAVI procedura. Mana ove procedure je visoka smrtnost i visok nivo komplikacija. U na\u0161oj zemlji ova procedura se jo\u0161 uvek ne primenjuje.[\/vc_column_text][\/vc_column][\/vc_row][vc_row][vc_column]<div id=\"ultimate-heading-21469df678f569bf\" class=\"uvc-heading ult-adjust-bottom-margin ultimate-heading-21469df678f569bf uvc-8770  uvc-heading-default-font-sizes\" data-hspacer=\"no_spacer\"  data-halign=\"left\" style=\"text-align:left\"><div class=\"uvc-heading-spacer no_spacer\" style=\"top\"><\/div><div class=\"uvc-main-heading ult-responsive\"  data-ultimate-target='.uvc-heading.ultimate-heading-21469df678f569bf h2'  data-responsive-json-new='{\"font-size\":\"\",\"line-height\":\"\"}' ><h2 style=\"font-weight:bold;margin-bottom:20px;\">TAVI<\/h2><\/div><\/div>[\/vc_column][vc_column width=&#8221;7\/12&#8243;][vc_column_text]TAVI\u00a0 or transcatheter Aortic Valve Implantation is a procedure of transcatheter aortic valve replacement. Catheters are placed through the femoral artery and introduced into the heart. We have to dilate the valve with a balloon first and, after that to introduce and implant new tissue prosthesis. \u00a0\u00a0TAVI is a treatment of choice for older and high-risk patients with aortic stenosis. Good results in this high-risk group encourage TAVI in intermediate-risk patients.[\/vc_column_text][\/vc_column][vc_column width=&#8221;5\/12&#8243;][vc_video link=&#8221;https:\/\/www.youtube.com\/watch?v=9Bwotibp5QM&#8221;][\/vc_column][\/vc_row]<\/p>\n","protected":false},"excerpt":{"rendered":"<p>[vc_row full_width=&#8221;stretch_row&#8221; type=&#8221;vc_default&#8221; css=&#8221;.vc_custom_1588624603642{padding-bottom: 50px !important;}&#8221;][vc_column][vc_column_text]The aortic valve is a tree-leaflet fibrous tissue structure between the left ventricle and the aorta. The aortic valve opens during the heart contraction, and closes during the relaxation phase, providing unidirectional aortic blood flow.[\/vc_column_text][vc_single_image image=&#8221;626&#8243; img_size=&#8221;full&#8221;][\/vc_column][\/vc_row][vc_row full_width=&#8221;stretch_row&#8221; type=&#8221;vc_default&#8221; css=&#8221;.vc_custom_1589109156911{padding-bottom: 50px !important;}&#8221;][vc_column][\/vc_column][vc_column width=&#8221;1\/2&#8243; css=&#8221;.vc_custom_1590678248120{padding-top: 16px !important;}&#8221;][\/vc_column][vc_column width=&#8221;1\/2&#8243;][vc_single_image image=&#8221;590&#8243; img_size=&#8221;full&#8221; alignment=&#8221;center&#8221;&hellip;<\/p>\n","protected":false},"author":1,"featured_media":0,"parent":0,"menu_order":0,"comment_status":"closed","ping_status":"closed","template":"","meta":{"footnotes":""},"class_list":["post-265","page","type-page","status-publish","hentry","description-off"],"yoast_head":"<!-- This site is optimized with the Yoast SEO plugin v26.5 - https:\/\/yoast.com\/wordpress\/plugins\/seo\/ -->\n<title>Aortic Valve Surgery - Kardiohirurgija.rs<\/title>\n<meta name=\"robots\" content=\"index, follow, max-snippet:-1, max-image-preview:large, max-video-preview:-1\" \/>\n<link rel=\"canonical\" href=\"https:\/\/www.kardiohirurgija.rs\/en\/aortic-valve-surgery\/\" \/>\n<meta property=\"og:locale\" content=\"en_US\" \/>\n<meta property=\"og:type\" content=\"article\" \/>\n<meta property=\"og:title\" content=\"Aortic Valve Surgery - Kardiohirurgija.rs\" \/>\n<meta property=\"og:description\" content=\"[vc_row full_width=&#8221;stretch_row&#8221; type=&#8221;vc_default&#8221; css=&#8221;.vc_custom_1588624603642{padding-bottom: 50px !important;}&#8221;][vc_column][vc_column_text]The aortic valve is a tree-leaflet fibrous tissue structure between the left ventricle and the aorta. The aortic valve opens during the heart contraction, and closes during the relaxation phase, providing unidirectional aortic blood flow.[\/vc_column_text][vc_single_image image=&#8221;626&#8243; img_size=&#8221;full&#8221;][\/vc_column][\/vc_row][vc_row full_width=&#8221;stretch_row&#8221; type=&#8221;vc_default&#8221; css=&#8221;.vc_custom_1589109156911{padding-bottom: 50px !important;}&#8221;][vc_column][\/vc_column][vc_column width=&#8221;1\/2&#8243; css=&#8221;.vc_custom_1590678248120{padding-top: 16px !important;}&#8221;][\/vc_column][vc_column width=&#8221;1\/2&#8243;][vc_single_image image=&#8221;590&#8243; img_size=&#8221;full&#8221; alignment=&#8221;center&#8221;&hellip;\" \/>\n<meta property=\"og:url\" content=\"https:\/\/www.kardiohirurgija.rs\/en\/aortic-valve-surgery\/\" \/>\n<meta property=\"og:site_name\" content=\"Kardiohirurgija.rs\" \/>\n<meta property=\"article:modified_time\" content=\"2020-08-19T22:03:26+00:00\" \/>\n<meta name=\"twitter:card\" content=\"summary_large_image\" \/>\n<meta name=\"twitter:label1\" content=\"Est. reading time\" \/>\n\t<meta name=\"twitter:data1\" content=\"5 minutes\" \/>\n<script type=\"application\/ld+json\" class=\"yoast-schema-graph\">{\"@context\":\"https:\/\/schema.org\",\"@graph\":[{\"@type\":\"WebPage\",\"@id\":\"https:\/\/www.kardiohirurgija.rs\/en\/aortic-valve-surgery\/\",\"url\":\"https:\/\/www.kardiohirurgija.rs\/en\/aortic-valve-surgery\/\",\"name\":\"Aortic Valve Surgery - Kardiohirurgija.rs\",\"isPartOf\":{\"@id\":\"https:\/\/www.kardiohirurgija.rs\/en\/#website\"},\"datePublished\":\"2020-07-22T17:34:48+00:00\",\"dateModified\":\"2020-08-19T22:03:26+00:00\",\"breadcrumb\":{\"@id\":\"https:\/\/www.kardiohirurgija.rs\/en\/aortic-valve-surgery\/#breadcrumb\"},\"inLanguage\":\"en-US\",\"potentialAction\":[{\"@type\":\"ReadAction\",\"target\":[\"https:\/\/www.kardiohirurgija.rs\/en\/aortic-valve-surgery\/\"]}]},{\"@type\":\"BreadcrumbList\",\"@id\":\"https:\/\/www.kardiohirurgija.rs\/en\/aortic-valve-surgery\/#breadcrumb\",\"itemListElement\":[{\"@type\":\"ListItem\",\"position\":1,\"name\":\"\u041f\u043e\u0447\u0435\u0442\u043d\u0430\",\"item\":\"https:\/\/www.kardiohirurgija.rs\/en\/\"},{\"@type\":\"ListItem\",\"position\":2,\"name\":\"Aortic Valve Surgery\"}]},{\"@type\":\"WebSite\",\"@id\":\"https:\/\/www.kardiohirurgija.rs\/en\/#website\",\"url\":\"https:\/\/www.kardiohirurgija.rs\/en\/\",\"name\":\"Kardiohirurgija.rs\",\"description\":\"\",\"publisher\":{\"@id\":\"https:\/\/www.kardiohirurgija.rs\/en\/#organization\"},\"potentialAction\":[{\"@type\":\"SearchAction\",\"target\":{\"@type\":\"EntryPoint\",\"urlTemplate\":\"https:\/\/www.kardiohirurgija.rs\/en\/?s={search_term_string}\"},\"query-input\":{\"@type\":\"PropertyValueSpecification\",\"valueRequired\":true,\"valueName\":\"search_term_string\"}}],\"inLanguage\":\"en-US\"},{\"@type\":\"Organization\",\"@id\":\"https:\/\/www.kardiohirurgija.rs\/en\/#organization\",\"name\":\"Kardiohirurgija.rs\",\"url\":\"https:\/\/www.kardiohirurgija.rs\/en\/\",\"logo\":{\"@type\":\"ImageObject\",\"inLanguage\":\"en-US\",\"@id\":\"https:\/\/www.kardiohirurgija.rs\/en\/#\/schema\/logo\/image\/\",\"url\":\"https:\/\/www.kardiohirurgija.rs\/wp-content\/uploads\/2020\/07\/logo-symbol-H-190px.png\",\"contentUrl\":\"https:\/\/www.kardiohirurgija.rs\/wp-content\/uploads\/2020\/07\/logo-symbol-H-190px.png\",\"width\":842,\"height\":191,\"caption\":\"Kardiohirurgija.rs\"},\"image\":{\"@id\":\"https:\/\/www.kardiohirurgija.rs\/en\/#\/schema\/logo\/image\/\"}}]}<\/script>\n<!-- \/ Yoast SEO plugin. -->","yoast_head_json":{"title":"Aortic Valve Surgery - Kardiohirurgija.rs","robots":{"index":"index","follow":"follow","max-snippet":"max-snippet:-1","max-image-preview":"max-image-preview:large","max-video-preview":"max-video-preview:-1"},"canonical":"https:\/\/www.kardiohirurgija.rs\/en\/aortic-valve-surgery\/","og_locale":"en_US","og_type":"article","og_title":"Aortic Valve Surgery - Kardiohirurgija.rs","og_description":"[vc_row full_width=&#8221;stretch_row&#8221; type=&#8221;vc_default&#8221; css=&#8221;.vc_custom_1588624603642{padding-bottom: 50px !important;}&#8221;][vc_column][vc_column_text]The aortic valve is a tree-leaflet fibrous tissue structure between the left ventricle and the aorta. The aortic valve opens during the heart contraction, and closes during the relaxation phase, providing unidirectional aortic blood flow.[\/vc_column_text][vc_single_image image=&#8221;626&#8243; img_size=&#8221;full&#8221;][\/vc_column][\/vc_row][vc_row full_width=&#8221;stretch_row&#8221; type=&#8221;vc_default&#8221; css=&#8221;.vc_custom_1589109156911{padding-bottom: 50px !important;}&#8221;][vc_column][\/vc_column][vc_column width=&#8221;1\/2&#8243; css=&#8221;.vc_custom_1590678248120{padding-top: 16px !important;}&#8221;][\/vc_column][vc_column width=&#8221;1\/2&#8243;][vc_single_image image=&#8221;590&#8243; img_size=&#8221;full&#8221; alignment=&#8221;center&#8221;&hellip;","og_url":"https:\/\/www.kardiohirurgija.rs\/en\/aortic-valve-surgery\/","og_site_name":"Kardiohirurgija.rs","article_modified_time":"2020-08-19T22:03:26+00:00","twitter_card":"summary_large_image","twitter_misc":{"Est. reading time":"5 minutes"},"schema":{"@context":"https:\/\/schema.org","@graph":[{"@type":"WebPage","@id":"https:\/\/www.kardiohirurgija.rs\/en\/aortic-valve-surgery\/","url":"https:\/\/www.kardiohirurgija.rs\/en\/aortic-valve-surgery\/","name":"Aortic Valve Surgery - Kardiohirurgija.rs","isPartOf":{"@id":"https:\/\/www.kardiohirurgija.rs\/en\/#website"},"datePublished":"2020-07-22T17:34:48+00:00","dateModified":"2020-08-19T22:03:26+00:00","breadcrumb":{"@id":"https:\/\/www.kardiohirurgija.rs\/en\/aortic-valve-surgery\/#breadcrumb"},"inLanguage":"en-US","potentialAction":[{"@type":"ReadAction","target":["https:\/\/www.kardiohirurgija.rs\/en\/aortic-valve-surgery\/"]}]},{"@type":"BreadcrumbList","@id":"https:\/\/www.kardiohirurgija.rs\/en\/aortic-valve-surgery\/#breadcrumb","itemListElement":[{"@type":"ListItem","position":1,"name":"\u041f\u043e\u0447\u0435\u0442\u043d\u0430","item":"https:\/\/www.kardiohirurgija.rs\/en\/"},{"@type":"ListItem","position":2,"name":"Aortic Valve Surgery"}]},{"@type":"WebSite","@id":"https:\/\/www.kardiohirurgija.rs\/en\/#website","url":"https:\/\/www.kardiohirurgija.rs\/en\/","name":"Kardiohirurgija.rs","description":"","publisher":{"@id":"https:\/\/www.kardiohirurgija.rs\/en\/#organization"},"potentialAction":[{"@type":"SearchAction","target":{"@type":"EntryPoint","urlTemplate":"https:\/\/www.kardiohirurgija.rs\/en\/?s={search_term_string}"},"query-input":{"@type":"PropertyValueSpecification","valueRequired":true,"valueName":"search_term_string"}}],"inLanguage":"en-US"},{"@type":"Organization","@id":"https:\/\/www.kardiohirurgija.rs\/en\/#organization","name":"Kardiohirurgija.rs","url":"https:\/\/www.kardiohirurgija.rs\/en\/","logo":{"@type":"ImageObject","inLanguage":"en-US","@id":"https:\/\/www.kardiohirurgija.rs\/en\/#\/schema\/logo\/image\/","url":"https:\/\/www.kardiohirurgija.rs\/wp-content\/uploads\/2020\/07\/logo-symbol-H-190px.png","contentUrl":"https:\/\/www.kardiohirurgija.rs\/wp-content\/uploads\/2020\/07\/logo-symbol-H-190px.png","width":842,"height":191,"caption":"Kardiohirurgija.rs"},"image":{"@id":"https:\/\/www.kardiohirurgija.rs\/en\/#\/schema\/logo\/image\/"}}]}},"_links":{"self":[{"href":"https:\/\/www.kardiohirurgija.rs\/en\/wp-json\/wp\/v2\/pages\/265","targetHints":{"allow":["GET"]}}],"collection":[{"href":"https:\/\/www.kardiohirurgija.rs\/en\/wp-json\/wp\/v2\/pages"}],"about":[{"href":"https:\/\/www.kardiohirurgija.rs\/en\/wp-json\/wp\/v2\/types\/page"}],"author":[{"embeddable":true,"href":"https:\/\/www.kardiohirurgija.rs\/en\/wp-json\/wp\/v2\/users\/1"}],"replies":[{"embeddable":true,"href":"https:\/\/www.kardiohirurgija.rs\/en\/wp-json\/wp\/v2\/comments?post=265"}],"version-history":[{"count":0,"href":"https:\/\/www.kardiohirurgija.rs\/en\/wp-json\/wp\/v2\/pages\/265\/revisions"}],"wp:attachment":[{"href":"https:\/\/www.kardiohirurgija.rs\/en\/wp-json\/wp\/v2\/media?parent=265"}],"curies":[{"name":"wp","href":"https:\/\/api.w.org\/{rel}","templated":true}]}}